{"id":11,"date":"2017-08-01T12:07:51","date_gmt":"2017-08-01T12:07:51","guid":{"rendered":"http:\/\/lebert-couverture.fr\/index.php\/about-us\/"},"modified":"2023-12-11T14:07:59","modified_gmt":"2023-12-11T14:07:59","slug":"a-propos-de-nous","status":"publish","type":"page","link":"https:\/\/lebert-couverture.fr\/index.php\/a-propos-de-nous\/","title":{"rendered":"\u00e0 propos de nous"},"content":{"rendered":"\t\t<div data-elementor-type=\"wp-post\" data-elementor-id=\"11\" class=\"elementor elementor-11\">\n\t\t\t\t\t\t<section class=\"elementor-section elementor-top-section elementor-element elementor-element-ytngt0t elementor-section-boxed elementor-section-height-default elementor-section-height-default\" data-id=\"ytngt0t\" data-element_type=\"section\" data-settings=\"{&quot;background_background&quot;:&quot;classic&quot;}\">\n\t\t\t\t\t\t\t<div class=\"elementor-background-overlay\"><\/div>\n\t\t\t\t\t\t\t<div class=\"elementor-container elementor-column-gap-default\">\n\t\t\t\t\t<div class=\"elementor-column elementor-col-100 elementor-top-column elementor-element elementor-element-jotv04n\" data-id=\"jotv04n\" data-element_type=\"column\">\n\t\t\t<div class=\"elementor-widget-wrap elementor-element-populated\">\n\t\t\t\t\t\t<div class=\"elementor-element elementor-element-vbeopux elementor-widget elementor-widget-heading\" data-id=\"vbeopux\" data-element_type=\"widget\" data-widget_type=\"heading.default\">\n\t\t\t\t<div class=\"elementor-widget-container\">\n\t\t\t\t\t<h1 class=\"elementor-heading-title elementor-size-default\">\u00c0 propos de nous<\/h1>\t\t\t\t<\/div>\n\t\t\t\t<\/div>\n\t\t\t\t<div class=\"elementor-element elementor-element-hrowtrh elementor-widget elementor-widget-image\" data-id=\"hrowtrh\" data-element_type=\"widget\" data-widget_type=\"image.default\">\n\t\t\t\t<div class=\"elementor-widget-container\">\n\t\t\t\t\t\t\t\t\t\t\t\t\t\t\t<img decoding=\"async\" src=\"https:\/\/lebert-couverture.fr\/wp-content\/uploads\/elementor\/thumbs\/cropped-fond-blanc-1-oy1dm3xabo5u2u1yaen68lql677sybh1uzqftd0saw.png\" title=\"cropped-fond-blanc-1.png\" alt=\"cropped-fond-blanc-1.png\" loading=\"lazy\" \/>\t\t\t\t\t\t\t\t\t\t\t\t\t\t\t<\/div>\n\t\t\t\t<\/div>\n\t\t\t\t\t<\/div>\n\t\t<\/div>\n\t\t\t\t\t<\/div>\n\t\t<\/section>\n\t\t\t\t<section class=\"elementor-section elementor-top-section elementor-element elementor-element-9o5glwr elementor-section-stretched elementor-section-boxed elementor-section-height-default elementor-section-height-default\" data-id=\"9o5glwr\" data-element_type=\"section\" data-settings=\"{&quot;background_background&quot;:&quot;classic&quot;,&quot;stretch_section&quot;:&quot;section-stretched&quot;}\">\n\t\t\t\t\t\t<div class=\"elementor-container elementor-column-gap-default\">\n\t\t\t\t\t<div class=\"elementor-column elementor-col-100 elementor-top-column elementor-element elementor-element-v8uf8tm\" data-id=\"v8uf8tm\" data-element_type=\"column\">\n\t\t\t<div class=\"elementor-widget-wrap elementor-element-populated\">\n\t\t\t\t\t\t<section class=\"elementor-section elementor-inner-section elementor-element elementor-element-koq88ch elementor-section-boxed elementor-section-height-default elementor-section-height-default\" data-id=\"koq88ch\" data-element_type=\"section\">\n\t\t\t\t\t\t<div class=\"elementor-container elementor-column-gap-default\">\n\t\t\t\t\t<div class=\"elementor-column elementor-col-100 elementor-inner-column elementor-element elementor-element-04tj9xb\" data-id=\"04tj9xb\" data-element_type=\"column\">\n\t\t\t<div class=\"elementor-widget-wrap elementor-element-populated\">\n\t\t\t\t\t\t<div class=\"elementor-element elementor-element-mjlu0q6 elementor-widget elementor-widget-heading\" data-id=\"mjlu0q6\" data-element_type=\"widget\" data-widget_type=\"heading.default\">\n\t\t\t\t<div class=\"elementor-widget-container\">\n\t\t\t\t\t<h2 class=\"elementor-heading-title elementor-size-default\">Pr\u00e9sentation de la soci\u00e9t\u00e9<\/h2>\t\t\t\t<\/div>\n\t\t\t\t<\/div>\n\t\t\t\t<div class=\"elementor-element elementor-element-61b9967 elementor-widget elementor-widget-text-editor\" data-id=\"61b9967\" data-element_type=\"widget\" data-widget_type=\"text-editor.default\">\n\t\t\t\t<div class=\"elementor-widget-container\">\n\t\t\t\t\t\t\t\t\t<p>LEBERT Couverture est une soci\u00e9t\u00e9 dirig\u00e9e par un couvreur zingueur expert ayant plus de 11 ans d\u2019exp\u00e9riences dans la r\u00e9paration et la cr\u00e9ation de toitures lyonnaises.<\/p><p>Ayant \u00e9t\u00e9 form\u00e9 par les compagnons du devoir \u00e0 Lyon, votre artisan a pu apprendre et se perfectionner en travaillant pour une grande entreprise lyonnaise o\u00f9 il a acquis toutes les techniques de mise en \u0153uvre de chantier en tant que chef de chantier.<\/p>\t\t\t\t\t\t\t\t<\/div>\n\t\t\t\t<\/div>\n\t\t\t\t\t<\/div>\n\t\t<\/div>\n\t\t\t\t\t<\/div>\n\t\t<\/section>\n\t\t\t\t\t<\/div>\n\t\t<\/div>\n\t\t\t\t\t<\/div>\n\t\t<\/section>\n\t\t\t\t<section class=\"elementor-section elementor-top-section elementor-element elementor-element-pedibvq elementor-section-content-middle elementor-section-stretched elementor-section-boxed elementor-section-height-default elementor-section-height-default\" data-id=\"pedibvq\" data-element_type=\"section\" data-settings=\"{&quot;background_background&quot;:&quot;classic&quot;,&quot;stretch_section&quot;:&quot;section-stretched&quot;}\">\n\t\t\t\t\t\t\t<div class=\"elementor-background-overlay\"><\/div>\n\t\t\t\t\t\t\t<div class=\"elementor-container elementor-column-gap-default\">\n\t\t\t\t\t<div class=\"elementor-column elementor-col-100 elementor-top-column elementor-element elementor-element-gtbpjlp\" data-id=\"gtbpjlp\" data-element_type=\"column\">\n\t\t\t<div class=\"elementor-widget-wrap elementor-element-populated\">\n\t\t\t\t\t\t<div class=\"elementor-element elementor-element-zdqzzsw elementor-widget elementor-widget-heading\" data-id=\"zdqzzsw\" data-element_type=\"widget\" data-widget_type=\"heading.default\">\n\t\t\t\t<div class=\"elementor-widget-container\">\n\t\t\t\t\t<h2 class=\"elementor-heading-title elementor-size-default\">Vous avez des questions ?<\/h2>\t\t\t\t<\/div>\n\t\t\t\t<\/div>\n\t\t\t\t<div class=\"elementor-element elementor-element-fccd967 elementor-widget elementor-widget-text-editor\" data-id=\"fccd967\" data-element_type=\"widget\" data-widget_type=\"text-editor.default\">\n\t\t\t\t<div class=\"elementor-widget-container\">\n\t\t\t\t\t\t\t\t\t<p>N&rsquo;h\u00e9sitez pas \u00e0 nous contacter afin d&rsquo;en savoir plus et afin de prendre d&rsquo;\u00e9ventuels rendez-vous pour la r\u00e9alisation de devis.<\/p>\t\t\t\t\t\t\t\t<\/div>\n\t\t\t\t<\/div>\n\t\t\t\t\t<\/div>\n\t\t<\/div>\n\t\t\t\t\t<\/div>\n\t\t<\/section>\n\t\t\t\t<section class=\"elementor-section elementor-top-section elementor-element elementor-element-7c08a30 elementor-section-boxed elementor-section-height-default elementor-section-height-default\" data-id=\"7c08a30\" data-element_type=\"section\">\n\t\t\t\t\t\t<div class=\"elementor-container elementor-column-gap-default\">\n\t\t\t\t\t<div class=\"elementor-column elementor-col-100 elementor-top-column elementor-element elementor-element-861e1d5\" data-id=\"861e1d5\" data-element_type=\"column\">\n\t\t\t<div class=\"elementor-widget-wrap elementor-element-populated\">\n\t\t\t\t\t\t<div class=\"elementor-element elementor-element-42a1453 elementor-widget elementor-widget-image\" data-id=\"42a1453\" data-element_type=\"widget\" data-widget_type=\"image.default\">\n\t\t\t\t<div class=\"elementor-widget-container\">\n\t\t\t\t\t\t\t\t\t\t\t\t<figure class=\"wp-caption\">\n\t\t\t\t\t\t\t\t\t\t<img fetchpriority=\"high\" decoding=\"async\" width=\"1024\" height=\"576\" src=\"https:\/\/lebert-couverture.fr\/wp-content\/uploads\/2023\/12\/PXL_20210312_122135364-1024x576.jpg\" class=\"attachment-large size-large wp-image-1444\" alt=\"\" srcset=\"https:\/\/lebert-couverture.fr\/wp-content\/uploads\/2023\/12\/PXL_20210312_122135364-1024x576.jpg 1024w, https:\/\/lebert-couverture.fr\/wp-content\/uploads\/2023\/12\/PXL_20210312_122135364-300x169.jpg 300w, https:\/\/lebert-couverture.fr\/wp-content\/uploads\/2023\/12\/PXL_20210312_122135364-768x432.jpg 768w, https:\/\/lebert-couverture.fr\/wp-content\/uploads\/2023\/12\/PXL_20210312_122135364-1536x864.jpg 1536w, https:\/\/lebert-couverture.fr\/wp-content\/uploads\/2023\/12\/PXL_20210312_122135364-2048x1152.jpg 2048w\" sizes=\"(max-width: 1024px) 100vw, 1024px\" \/>\t\t\t\t\t\t\t\t\t\t\t<figcaption class=\"widget-image-caption wp-caption-text\">Cr\u00e9ation d'une fen\u00eatre de toit Velux avec son abergement en zinc<\/figcaption>\n\t\t\t\t\t\t\t\t\t\t<\/figure>\n\t\t\t\t\t\t\t\t\t<\/div>\n\t\t\t\t<\/div>\n\t\t\t\t\t<\/div>\n\t\t<\/div>\n\t\t\t\t\t<\/div>\n\t\t<\/section>\n\t\t\t\t<\/div>\n\t\t","protected":false},"excerpt":{"rendered":"<p>\u00c0 propos de nous Pr\u00e9sentation de la soci\u00e9t\u00e9 LEBERT Couverture est une soci\u00e9t\u00e9 dirig\u00e9e par un couvreur zingueur expert ayant plus de 11 ans d\u2019exp\u00e9riences dans la r\u00e9paration et la cr\u00e9ation de toitures lyonnaises. Ayant \u00e9t\u00e9 form\u00e9 par les compagnons du devoir \u00e0 Lyon, votre artisan a pu apprendre et se perfectionner en travaillant pour &hellip;<\/p>\n<p class=\"read-more\"> <a class=\"\" href=\"https:\/\/lebert-couverture.fr\/index.php\/a-propos-de-nous\/\"> <span class=\"screen-reader-text\">\u00e0 propos de nous<\/span> Lire la suite\u00a0\u00bb<\/a><\/p>\n","protected":false},"author":1,"featured_media":0,"parent":0,"menu_order":0,"comment_status":"closed","ping_status":"closed","template":"","meta":{"site-sidebar-layout":"no-sidebar","site-content-layout":"page-builder","ast-site-content-layout":"","site-content-style":"default","site-sidebar-style":"default","ast-global-header-display":"","ast-banner-title-visibility":"","ast-main-header-display":"","ast-hfb-above-header-display":"","ast-hfb-below-header-display":"","ast-hfb-mobile-header-display":"","site-post-title":"disabled","ast-breadcrumbs-content":"","ast-featured-img":"disabled","footer-sml-layout":"","theme-transparent-header-meta":"","adv-header-id-meta":"","stick-header-meta":"","header-above-stick-meta":"","header-main-stick-meta":"","header-below-stick-meta":"","astra-migrate-meta-layouts":"","ast-page-background-enabled":"default","ast-page-background-meta":{"desktop":{"background-color":"","background-image":"","background-repeat":"repeat","background-position":"center center","background-size":"auto","background-attachment":"scroll","background-type":"","background-media":"","overlay-type":"","overlay-color":"","overlay-gradient":""},"tablet":{"background-color":"","background-image":"","background-repeat":"repeat","background-position":"center center","background-size":"auto","background-attachment":"scroll","background-type":"","background-media":"","overlay-type":"","overlay-color":"","overlay-gradient":""},"mobile":{"background-color":"","background-image":"","background-repeat":"repeat","background-position":"center center","background-size":"auto","background-attachment":"scroll","background-type":"","background-media":"","overlay-type":"","overlay-color":"","overlay-gradient":""}},"ast-content-background-meta":{"desktop":{"background-color":"var(--ast-global-color-5)","background-image":"","background-repeat":"repeat","background-position":"center center","background-size":"auto","background-attachment":"scroll","background-type":"","background-media":"","overlay-type":"","overlay-color":"","overlay-gradient":""},"tablet":{"background-color":"var(--ast-global-color-5)","background-image":"","background-repeat":"repeat","background-position":"center center","background-size":"auto","background-attachment":"scroll","background-type":"","background-media":"","overlay-type":"","overlay-color":"","overlay-gradient":""},"mobile":{"background-color":"var(--ast-global-color-5)","background-image":"","background-repeat":"repeat","background-position":"center center","background-size":"auto","background-attachment":"scroll","background-type":"","background-media":"","overlay-type":"","overlay-color":"","overlay-gradient":""}},"footnotes":""},"yoast_head":"<!-- This site is optimized with the Yoast SEO plugin v23.5 - https:\/\/yoast.com\/wordpress\/plugins\/seo\/ -->\n<title>\u00e0 propos de nous - LEBERT Couverture<\/title>\n<meta name=\"description\" content=\"LEBERT Couverture est une entreprise sp\u00e9cialis\u00e9e dans la cr\u00e9ation, la r\u00e9novation et dans l&#039;entretien de tous types de toitures.\" \/>\n<meta name=\"robots\" content=\"index, follow, max-snippet:-1, max-image-preview:large, max-video-preview:-1\" \/>\n<link rel=\"canonical\" href=\"https:\/\/lebert-couverture.fr\/index.php\/a-propos-de-nous\/\" \/>\n<meta property=\"og:locale\" content=\"fr_FR\" \/>\n<meta property=\"og:type\" content=\"article\" \/>\n<meta property=\"og:title\" content=\"\u00e0 propos de nous - LEBERT Couverture\" \/>\n<meta property=\"og:description\" content=\"LEBERT Couverture est une entreprise sp\u00e9cialis\u00e9e dans la cr\u00e9ation, la r\u00e9novation et dans l&#039;entretien de tous types de toitures.\" \/>\n<meta property=\"og:url\" content=\"https:\/\/lebert-couverture.fr\/index.php\/a-propos-de-nous\/\" \/>\n<meta property=\"og:site_name\" content=\"LEBERT Couverture\" \/>\n<meta property=\"article:publisher\" content=\"https:\/\/www.facebook.com\/LebertCouverture\" \/>\n<meta property=\"article:modified_time\" content=\"2023-12-11T14:07:59+00:00\" \/>\n<meta property=\"og:image\" content=\"https:\/\/lebert-couverture.fr\/wp-content\/uploads\/elementor\/thumbs\/cropped-fond-blanc-1-oy1dm3xabo5u2u1yaen68lql677sybh1uzqftd0saw.png\" \/>\n<meta name=\"twitter:card\" content=\"summary_large_image\" \/>\n<meta name=\"twitter:label1\" content=\"Dur\u00e9e de lecture estim\u00e9e\" \/>\n\t<meta name=\"twitter:data1\" content=\"1 minute\" \/>\n<script type=\"application\/ld+json\" class=\"yoast-schema-graph\">{\"@context\":\"https:\/\/schema.org\",\"@graph\":[{\"@type\":\"WebPage\",\"@id\":\"https:\/\/lebert-couverture.fr\/index.php\/a-propos-de-nous\/\",\"url\":\"https:\/\/lebert-couverture.fr\/index.php\/a-propos-de-nous\/\",\"name\":\"\u00e0 propos de nous - LEBERT Couverture\",\"isPartOf\":{\"@id\":\"https:\/\/lebert-couverture.fr\/#website\"},\"primaryImageOfPage\":{\"@id\":\"https:\/\/lebert-couverture.fr\/index.php\/a-propos-de-nous\/#primaryimage\"},\"image\":{\"@id\":\"https:\/\/lebert-couverture.fr\/index.php\/a-propos-de-nous\/#primaryimage\"},\"thumbnailUrl\":\"https:\/\/lebert-couverture.fr\/wp-content\/uploads\/elementor\/thumbs\/cropped-fond-blanc-1-oy1dm3xabo5u2u1yaen68lql677sybh1uzqftd0saw.png\",\"datePublished\":\"2017-08-01T12:07:51+00:00\",\"dateModified\":\"2023-12-11T14:07:59+00:00\",\"description\":\"LEBERT Couverture est une entreprise sp\u00e9cialis\u00e9e dans la cr\u00e9ation, la r\u00e9novation et dans l'entretien de tous types de toitures.\",\"breadcrumb\":{\"@id\":\"https:\/\/lebert-couverture.fr\/index.php\/a-propos-de-nous\/#breadcrumb\"},\"inLanguage\":\"fr-FR\",\"potentialAction\":[{\"@type\":\"ReadAction\",\"target\":[\"https:\/\/lebert-couverture.fr\/index.php\/a-propos-de-nous\/\"]}]},{\"@type\":\"ImageObject\",\"inLanguage\":\"fr-FR\",\"@id\":\"https:\/\/lebert-couverture.fr\/index.php\/a-propos-de-nous\/#primaryimage\",\"url\":\"https:\/\/lebert-couverture.fr\/wp-content\/uploads\/elementor\/thumbs\/cropped-fond-blanc-1-oy1dm3xabo5u2u1yaen68lql677sybh1uzqftd0saw.png\",\"contentUrl\":\"https:\/\/lebert-couverture.fr\/wp-content\/uploads\/elementor\/thumbs\/cropped-fond-blanc-1-oy1dm3xabo5u2u1yaen68lql677sybh1uzqftd0saw.png\"},{\"@type\":\"BreadcrumbList\",\"@id\":\"https:\/\/lebert-couverture.fr\/index.php\/a-propos-de-nous\/#breadcrumb\",\"itemListElement\":[{\"@type\":\"ListItem\",\"position\":1,\"name\":\"Accueil\",\"item\":\"https:\/\/lebert-couverture.fr\/\"},{\"@type\":\"ListItem\",\"position\":2,\"name\":\"\u00e0 propos de nous\"}]},{\"@type\":\"WebSite\",\"@id\":\"https:\/\/lebert-couverture.fr\/#website\",\"url\":\"https:\/\/lebert-couverture.fr\/\",\"name\":\"LEBERT Couverture\",\"description\":\"Un artisan qui se pr\u00e9occupe de la qualit\u00e9 de son travail et de la satisfaction client.\",\"publisher\":{\"@id\":\"https:\/\/lebert-couverture.fr\/#organization\"},\"potentialAction\":[{\"@type\":\"SearchAction\",\"target\":{\"@type\":\"EntryPoint\",\"urlTemplate\":\"https:\/\/lebert-couverture.fr\/?s={search_term_string}\"},\"query-input\":{\"@type\":\"PropertyValueSpecification\",\"valueRequired\":true,\"valueName\":\"search_term_string\"}}],\"inLanguage\":\"fr-FR\"},{\"@type\":\"Organization\",\"@id\":\"https:\/\/lebert-couverture.fr\/#organization\",\"name\":\"LEBERT Couverture\",\"url\":\"https:\/\/lebert-couverture.fr\/\",\"logo\":{\"@type\":\"ImageObject\",\"inLanguage\":\"fr-FR\",\"@id\":\"https:\/\/lebert-couverture.fr\/#\/schema\/logo\/image\/\",\"url\":\"http:\/\/lebert-couverture.fr\/wp-content\/uploads\/2021\/03\/Logo-Tom.png\",\"contentUrl\":\"http:\/\/lebert-couverture.fr\/wp-content\/uploads\/2021\/03\/Logo-Tom.png\",\"width\":269,\"height\":154,\"caption\":\"LEBERT Couverture\"},\"image\":{\"@id\":\"https:\/\/lebert-couverture.fr\/#\/schema\/logo\/image\/\"},\"sameAs\":[\"https:\/\/www.facebook.com\/LebertCouverture\",\"https:\/\/www.instagram.com\/lebert_couverture\/\",\"https:\/\/www.linkedin.com\/in\/thomas-lebert\/\"]}]}<\/script>\n<!-- \/ Yoast SEO plugin. -->","yoast_head_json":{"title":"\u00e0 propos de nous - LEBERT Couverture","description":"LEBERT Couverture est une entreprise sp\u00e9cialis\u00e9e dans la cr\u00e9ation, la r\u00e9novation et dans l'entretien de tous types de toitures.","robots":{"index":"index","follow":"follow","max-snippet":"max-snippet:-1","max-image-preview":"max-image-preview:large","max-video-preview":"max-video-preview:-1"},"canonical":"https:\/\/lebert-couverture.fr\/index.php\/a-propos-de-nous\/","og_locale":"fr_FR","og_type":"article","og_title":"\u00e0 propos de nous - LEBERT Couverture","og_description":"LEBERT Couverture est une entreprise sp\u00e9cialis\u00e9e dans la cr\u00e9ation, la r\u00e9novation et dans l'entretien de tous types de toitures.","og_url":"https:\/\/lebert-couverture.fr\/index.php\/a-propos-de-nous\/","og_site_name":"LEBERT Couverture","article_publisher":"https:\/\/www.facebook.com\/LebertCouverture","article_modified_time":"2023-12-11T14:07:59+00:00","og_image":[{"url":"https:\/\/lebert-couverture.fr\/wp-content\/uploads\/elementor\/thumbs\/cropped-fond-blanc-1-oy1dm3xabo5u2u1yaen68lql677sybh1uzqftd0saw.png"}],"twitter_card":"summary_large_image","twitter_misc":{"Dur\u00e9e de lecture estim\u00e9e":"1 minute"},"schema":{"@context":"https:\/\/schema.org","@graph":[{"@type":"WebPage","@id":"https:\/\/lebert-couverture.fr\/index.php\/a-propos-de-nous\/","url":"https:\/\/lebert-couverture.fr\/index.php\/a-propos-de-nous\/","name":"\u00e0 propos de nous - LEBERT Couverture","isPartOf":{"@id":"https:\/\/lebert-couverture.fr\/#website"},"primaryImageOfPage":{"@id":"https:\/\/lebert-couverture.fr\/index.php\/a-propos-de-nous\/#primaryimage"},"image":{"@id":"https:\/\/lebert-couverture.fr\/index.php\/a-propos-de-nous\/#primaryimage"},"thumbnailUrl":"https:\/\/lebert-couverture.fr\/wp-content\/uploads\/elementor\/thumbs\/cropped-fond-blanc-1-oy1dm3xabo5u2u1yaen68lql677sybh1uzqftd0saw.png","datePublished":"2017-08-01T12:07:51+00:00","dateModified":"2023-12-11T14:07:59+00:00","description":"LEBERT Couverture est une entreprise sp\u00e9cialis\u00e9e dans la cr\u00e9ation, la r\u00e9novation et dans l'entretien de tous types de toitures.","breadcrumb":{"@id":"https:\/\/lebert-couverture.fr\/index.php\/a-propos-de-nous\/#breadcrumb"},"inLanguage":"fr-FR","potentialAction":[{"@type":"ReadAction","target":["https:\/\/lebert-couverture.fr\/index.php\/a-propos-de-nous\/"]}]},{"@type":"ImageObject","inLanguage":"fr-FR","@id":"https:\/\/lebert-couverture.fr\/index.php\/a-propos-de-nous\/#primaryimage","url":"https:\/\/lebert-couverture.fr\/wp-content\/uploads\/elementor\/thumbs\/cropped-fond-blanc-1-oy1dm3xabo5u2u1yaen68lql677sybh1uzqftd0saw.png","contentUrl":"https:\/\/lebert-couverture.fr\/wp-content\/uploads\/elementor\/thumbs\/cropped-fond-blanc-1-oy1dm3xabo5u2u1yaen68lql677sybh1uzqftd0saw.png"},{"@type":"BreadcrumbList","@id":"https:\/\/lebert-couverture.fr\/index.php\/a-propos-de-nous\/#breadcrumb","itemListElement":[{"@type":"ListItem","position":1,"name":"Accueil","item":"https:\/\/lebert-couverture.fr\/"},{"@type":"ListItem","position":2,"name":"\u00e0 propos de nous"}]},{"@type":"WebSite","@id":"https:\/\/lebert-couverture.fr\/#website","url":"https:\/\/lebert-couverture.fr\/","name":"LEBERT Couverture","description":"Un artisan qui se pr\u00e9occupe de la qualit\u00e9 de son travail et de la satisfaction client.","publisher":{"@id":"https:\/\/lebert-couverture.fr\/#organization"},"potentialAction":[{"@type":"SearchAction","target":{"@type":"EntryPoint","urlTemplate":"https:\/\/lebert-couverture.fr\/?s={search_term_string}"},"query-input":{"@type":"PropertyValueSpecification","valueRequired":true,"valueName":"search_term_string"}}],"inLanguage":"fr-FR"},{"@type":"Organization","@id":"https:\/\/lebert-couverture.fr\/#organization","name":"LEBERT Couverture","url":"https:\/\/lebert-couverture.fr\/","logo":{"@type":"ImageObject","inLanguage":"fr-FR","@id":"https:\/\/lebert-couverture.fr\/#\/schema\/logo\/image\/","url":"http:\/\/lebert-couverture.fr\/wp-content\/uploads\/2021\/03\/Logo-Tom.png","contentUrl":"http:\/\/lebert-couverture.fr\/wp-content\/uploads\/2021\/03\/Logo-Tom.png","width":269,"height":154,"caption":"LEBERT Couverture"},"image":{"@id":"https:\/\/lebert-couverture.fr\/#\/schema\/logo\/image\/"},"sameAs":["https:\/\/www.facebook.com\/LebertCouverture","https:\/\/www.instagram.com\/lebert_couverture\/","https:\/\/www.linkedin.com\/in\/thomas-lebert\/"]}]}},"_links":{"self":[{"href":"https:\/\/lebert-couverture.fr\/index.php\/wp-json\/wp\/v2\/pages\/11"}],"collection":[{"href":"https:\/\/lebert-couverture.fr\/index.php\/wp-json\/wp\/v2\/pages"}],"about":[{"href":"https:\/\/lebert-couverture.fr\/index.php\/wp-json\/wp\/v2\/types\/page"}],"author":[{"embeddable":true,"href":"https:\/\/lebert-couverture.fr\/index.php\/wp-json\/wp\/v2\/users\/1"}],"replies":[{"embeddable":true,"href":"https:\/\/lebert-couverture.fr\/index.php\/wp-json\/wp\/v2\/comments?post=11"}],"version-history":[{"count":31,"href":"https:\/\/lebert-couverture.fr\/index.php\/wp-json\/wp\/v2\/pages\/11\/revisions"}],"predecessor-version":[{"id":1447,"href":"https:\/\/lebert-couverture.fr\/index.php\/wp-json\/wp\/v2\/pages\/11\/revisions\/1447"}],"wp:attachment":[{"href":"https:\/\/lebert-couverture.fr\/index.php\/wp-json\/wp\/v2\/media?parent=11"}],"curies":[{"name":"wp","href":"https:\/\/api.w.org\/{rel}","templated":true}]}}