{"id":18,"date":"2017-08-01T12:08:43","date_gmt":"2017-08-01T12:08:43","guid":{"rendered":"http:\/\/lebert-couverture.fr\/index.php\/contact\/"},"modified":"2021-09-23T14:04:54","modified_gmt":"2021-09-23T14:04:54","slug":"contact","status":"publish","type":"page","link":"https:\/\/lebert-couverture.fr\/index.php\/contact\/","title":{"rendered":"Contact"},"content":{"rendered":"\t\t<div data-elementor-type=\"wp-post\" data-elementor-id=\"18\" class=\"elementor elementor-18\">\n\t\t\t\t\t\t<section class=\"elementor-section elementor-top-section elementor-element elementor-element-6a9739d elementor-section-boxed elementor-section-height-default elementor-section-height-default\" data-id=\"6a9739d\" data-element_type=\"section\" data-settings=\"{&quot;background_background&quot;:&quot;classic&quot;}\">\n\t\t\t\t\t\t\t<div class=\"elementor-background-overlay\"><\/div>\n\t\t\t\t\t\t\t<div class=\"elementor-container elementor-column-gap-default\">\n\t\t\t\t\t<div class=\"elementor-column elementor-col-100 elementor-top-column elementor-element elementor-element-ff78751\" data-id=\"ff78751\" data-element_type=\"column\">\n\t\t\t<div class=\"elementor-widget-wrap elementor-element-populated\">\n\t\t\t\t\t\t<div class=\"elementor-element elementor-element-qdpvsgu elementor-widget elementor-widget-heading\" data-id=\"qdpvsgu\" data-element_type=\"widget\" data-widget_type=\"heading.default\">\n\t\t\t\t<div class=\"elementor-widget-container\">\n\t\t\t\t\t<h1 class=\"elementor-heading-title elementor-size-default\">Contactez-nous<\/h1>\t\t\t\t<\/div>\n\t\t\t\t<\/div>\n\t\t\t\t<div class=\"elementor-element elementor-element-ea45048 elementor-widget elementor-widget-image\" data-id=\"ea45048\" data-element_type=\"widget\" data-widget_type=\"image.default\">\n\t\t\t\t<div class=\"elementor-widget-container\">\n\t\t\t\t\t\t\t\t\t\t\t\t\t\t\t<img decoding=\"async\" src=\"https:\/\/lebert-couverture.fr\/wp-content\/uploads\/elementor\/thumbs\/cropped-fond-blanc-2-oy1hc4quza8e2ab53oy614ak2dk28tj6m2myg0xqlk.png\" title=\"cropped-fond-blanc-2.png\" alt=\"cropped-fond-blanc-2.png\" loading=\"lazy\" \/>\t\t\t\t\t\t\t\t\t\t\t\t\t\t\t<\/div>\n\t\t\t\t<\/div>\n\t\t\t\t\t<\/div>\n\t\t<\/div>\n\t\t\t\t\t<\/div>\n\t\t<\/section>\n\t\t\t\t<section class=\"elementor-section elementor-top-section elementor-element elementor-element-okv4m75 elementor-section-stretched elementor-section-content-top elementor-section-boxed elementor-section-height-default elementor-section-height-default\" data-id=\"okv4m75\" data-element_type=\"section\" data-settings=\"{&quot;stretch_section&quot;:&quot;section-stretched&quot;}\">\n\t\t\t\t\t\t<div class=\"elementor-container elementor-column-gap-wider\">\n\t\t\t\t\t<div class=\"elementor-column elementor-col-50 elementor-top-column elementor-element elementor-element-ckw9hgh\" data-id=\"ckw9hgh\" data-element_type=\"column\">\n\t\t\t<div class=\"elementor-widget-wrap elementor-element-populated\">\n\t\t\t\t\t\t<div class=\"elementor-element elementor-element-5k2x127 elementor-widget elementor-widget-heading\" data-id=\"5k2x127\" data-element_type=\"widget\" data-widget_type=\"heading.default\">\n\t\t\t\t<div class=\"elementor-widget-container\">\n\t\t\t\t\t<h2 class=\"elementor-heading-title elementor-size-default\">Rh\u00f4ne-Alpes<\/h2>\t\t\t\t<\/div>\n\t\t\t\t<\/div>\n\t\t\t\t<div class=\"elementor-element elementor-element-2500vid elementor-widget-divider--view-line elementor-widget elementor-widget-divider\" data-id=\"2500vid\" data-element_type=\"widget\" data-widget_type=\"divider.default\">\n\t\t\t\t<div class=\"elementor-widget-container\">\n\t\t\t\t\t\t\t<div class=\"elementor-divider\">\n\t\t\t<span class=\"elementor-divider-separator\">\n\t\t\t\t\t\t<\/span>\n\t\t<\/div>\n\t\t\t\t\t\t<\/div>\n\t\t\t\t<\/div>\n\t\t\t\t<div class=\"elementor-element elementor-element-nk6zlf4 elementor-widget elementor-widget-heading\" data-id=\"nk6zlf4\" data-element_type=\"widget\" data-widget_type=\"heading.default\">\n\t\t\t\t<div class=\"elementor-widget-container\">\n\t\t\t\t\t<h6 class=\"elementor-heading-title elementor-size-default\">contact@lebert-couverture.fr<\/h6>\t\t\t\t<\/div>\n\t\t\t\t<\/div>\n\t\t\t\t<div class=\"elementor-element elementor-element-1wniulu elementor-widget elementor-widget-heading\" data-id=\"1wniulu\" data-element_type=\"widget\" data-widget_type=\"heading.default\">\n\t\t\t\t<div class=\"elementor-widget-container\">\n\t\t\t\t\t<h6 class=\"elementor-heading-title elementor-size-default\">+33-7-61-11-01-60<\/h6>\t\t\t\t<\/div>\n\t\t\t\t<\/div>\n\t\t\t\t<div class=\"elementor-element elementor-element-2pxznyo elementor-widget elementor-widget-heading\" data-id=\"2pxznyo\" data-element_type=\"widget\" data-widget_type=\"heading.default\">\n\t\t\t\t<div class=\"elementor-widget-container\">\n\t\t\t\t\t<h6 class=\"elementor-heading-title elementor-size-default\">Adresse: 134 Route du Plan, 38780, Oytier-Saint-Oblas<\/h6>\t\t\t\t<\/div>\n\t\t\t\t<\/div>\n\t\t\t\t<div class=\"elementor-element elementor-element-c7udtgu elementor-widget elementor-widget-image\" data-id=\"c7udtgu\" data-element_type=\"widget\" data-widget_type=\"image.default\">\n\t\t\t\t<div class=\"elementor-widget-container\">\n\t\t\t\t\t\t\t\t\t\t\t\t\t\t\t<img fetchpriority=\"high\" decoding=\"async\" width=\"1024\" height=\"570\" src=\"https:\/\/lebert-couverture.fr\/wp-content\/uploads\/2020\/11\/20170412_145256-1024x570.jpg\" class=\"attachment-large size-large wp-image-1251\" alt=\"\" srcset=\"https:\/\/lebert-couverture.fr\/wp-content\/uploads\/2020\/11\/20170412_145256-1024x570.jpg 1024w, https:\/\/lebert-couverture.fr\/wp-content\/uploads\/2020\/11\/20170412_145256-300x167.jpg 300w, https:\/\/lebert-couverture.fr\/wp-content\/uploads\/2020\/11\/20170412_145256-768x428.jpg 768w, https:\/\/lebert-couverture.fr\/wp-content\/uploads\/2020\/11\/20170412_145256-1536x855.jpg 1536w, https:\/\/lebert-couverture.fr\/wp-content\/uploads\/2020\/11\/20170412_145256-2048x1140.jpg 2048w\" sizes=\"(max-width: 1024px) 100vw, 1024px\" \/>\t\t\t\t\t\t\t\t\t\t\t\t\t\t\t<\/div>\n\t\t\t\t<\/div>\n\t\t\t\t\t<\/div>\n\t\t<\/div>\n\t\t\t\t<div class=\"elementor-column elementor-col-50 elementor-top-column elementor-element elementor-element-03e3a8a\" data-id=\"03e3a8a\" data-element_type=\"column\">\n\t\t\t<div class=\"elementor-widget-wrap elementor-element-populated\">\n\t\t\t\t\t\t\t<\/div>\n\t\t<\/div>\n\t\t\t\t\t<\/div>\n\t\t<\/section>\n\t\t\t\t<\/div>\n\t\t","protected":false},"excerpt":{"rendered":"<p>Contactez-nous Rh\u00f4ne-Alpes contact@lebert-couverture.fr +33-7-61-11-01-60 Adresse: 134 Route du Plan, 38780, Oytier-Saint-Oblas<\/p>\n","protected":false},"author":0,"featured_media":0,"parent":0,"menu_order":0,"comment_status":"closed","ping_status":"closed","template":"","meta":{"site-sidebar-layout":"no-sidebar","site-content-layout":"page-builder","ast-site-content-layout":"","site-content-style":"default","site-sidebar-style":"default","ast-global-header-display":"","ast-banner-title-visibility":"","ast-main-header-display":"","ast-hfb-above-header-display":"","ast-hfb-below-header-display":"","ast-hfb-mobile-header-display":"","site-post-title":"disabled","ast-breadcrumbs-content":"","ast-featured-img":"disabled","footer-sml-layout":"","theme-transparent-header-meta":"","adv-header-id-meta":"","stick-header-meta":"","header-above-stick-meta":"","header-main-stick-meta":"","header-below-stick-meta":"","astra-migrate-meta-layouts":"","ast-page-background-enabled":"default","ast-page-background-meta":{"desktop":{"background-color":"","background-image":"","background-repeat":"repeat","background-position":"center center","background-size":"auto","background-attachment":"scroll","background-type":"","background-media":"","overlay-type":"","overlay-color":"","overlay-gradient":""},"tablet":{"background-color":"","background-image":"","background-repeat":"repeat","background-position":"center center","background-size":"auto","background-attachment":"scroll","background-type":"","background-media":"","overlay-type":"","overlay-color":"","overlay-gradient":""},"mobile":{"background-color":"","background-image":"","background-repeat":"repeat","background-position":"center center","background-size":"auto","background-attachment":"scroll","background-type":"","background-media":"","overlay-type":"","overlay-color":"","overlay-gradient":""}},"ast-content-background-meta":{"desktop":{"background-color":"var(--ast-global-color-5)","background-image":"","background-repeat":"repeat","background-position":"center center","background-size":"auto","background-attachment":"scroll","background-type":"","background-media":"","overlay-type":"","overlay-color":"","overlay-gradient":""},"tablet":{"background-color":"var(--ast-global-color-5)","background-image":"","background-repeat":"repeat","background-position":"center center","background-size":"auto","background-attachment":"scroll","background-type":"","background-media":"","overlay-type":"","overlay-color":"","overlay-gradient":""},"mobile":{"background-color":"var(--ast-global-color-5)","background-image":"","background-repeat":"repeat","background-position":"center center","background-size":"auto","background-attachment":"scroll","background-type":"","background-media":"","overlay-type":"","overlay-color":"","overlay-gradient":""}},"footnotes":""},"yoast_head":"<!-- This site is optimized with the Yoast SEO plugin v23.5 - https:\/\/yoast.com\/wordpress\/plugins\/seo\/ -->\n<title>Contact - LEBERT Couverture<\/title>\n<meta name=\"description\" content=\"LEBERT Couverture est une entreprise sp\u00e9cialis\u00e9e dans la cr\u00e9ation, la r\u00e9novation et dans l&#039;entretien de tous types de toitures.\" \/>\n<meta name=\"robots\" content=\"index, follow, max-snippet:-1, max-image-preview:large, max-video-preview:-1\" \/>\n<link rel=\"canonical\" href=\"https:\/\/lebert-couverture.fr\/index.php\/contact\/\" \/>\n<meta property=\"og:locale\" content=\"fr_FR\" \/>\n<meta property=\"og:type\" content=\"article\" \/>\n<meta property=\"og:title\" content=\"Contact - LEBERT Couverture\" \/>\n<meta property=\"og:description\" content=\"LEBERT Couverture est une entreprise sp\u00e9cialis\u00e9e dans la cr\u00e9ation, la r\u00e9novation et dans l&#039;entretien de tous types de toitures.\" \/>\n<meta property=\"og:url\" content=\"https:\/\/lebert-couverture.fr\/index.php\/contact\/\" \/>\n<meta property=\"og:site_name\" content=\"LEBERT Couverture\" \/>\n<meta property=\"article:publisher\" content=\"https:\/\/www.facebook.com\/LebertCouverture\" \/>\n<meta property=\"article:modified_time\" content=\"2021-09-23T14:04:54+00:00\" \/>\n<meta property=\"og:image\" content=\"https:\/\/lebert-couverture.fr\/wp-content\/uploads\/elementor\/thumbs\/cropped-fond-blanc-2-oy1hc4quza8e2ab53oy614ak2dk28tj6m2myg0xqlk.png\" \/>\n<meta name=\"twitter:card\" content=\"summary_large_image\" \/>\n<meta name=\"twitter:label1\" content=\"Dur\u00e9e de lecture estim\u00e9e\" \/>\n\t<meta name=\"twitter:data1\" content=\"1 minute\" \/>\n<script type=\"application\/ld+json\" class=\"yoast-schema-graph\">{\"@context\":\"https:\/\/schema.org\",\"@graph\":[{\"@type\":\"WebPage\",\"@id\":\"https:\/\/lebert-couverture.fr\/index.php\/contact\/\",\"url\":\"https:\/\/lebert-couverture.fr\/index.php\/contact\/\",\"name\":\"Contact - LEBERT Couverture\",\"isPartOf\":{\"@id\":\"https:\/\/lebert-couverture.fr\/#website\"},\"primaryImageOfPage\":{\"@id\":\"https:\/\/lebert-couverture.fr\/index.php\/contact\/#primaryimage\"},\"image\":{\"@id\":\"https:\/\/lebert-couverture.fr\/index.php\/contact\/#primaryimage\"},\"thumbnailUrl\":\"https:\/\/lebert-couverture.fr\/wp-content\/uploads\/elementor\/thumbs\/cropped-fond-blanc-2-oy1hc4quza8e2ab53oy614ak2dk28tj6m2myg0xqlk.png\",\"datePublished\":\"2017-08-01T12:08:43+00:00\",\"dateModified\":\"2021-09-23T14:04:54+00:00\",\"description\":\"LEBERT Couverture est une entreprise sp\u00e9cialis\u00e9e dans la cr\u00e9ation, la r\u00e9novation et dans l'entretien de tous types de toitures.\",\"breadcrumb\":{\"@id\":\"https:\/\/lebert-couverture.fr\/index.php\/contact\/#breadcrumb\"},\"inLanguage\":\"fr-FR\",\"potentialAction\":[{\"@type\":\"ReadAction\",\"target\":[\"https:\/\/lebert-couverture.fr\/index.php\/contact\/\"]}]},{\"@type\":\"ImageObject\",\"inLanguage\":\"fr-FR\",\"@id\":\"https:\/\/lebert-couverture.fr\/index.php\/contact\/#primaryimage\",\"url\":\"https:\/\/lebert-couverture.fr\/wp-content\/uploads\/elementor\/thumbs\/cropped-fond-blanc-2-oy1hc4quza8e2ab53oy614ak2dk28tj6m2myg0xqlk.png\",\"contentUrl\":\"https:\/\/lebert-couverture.fr\/wp-content\/uploads\/elementor\/thumbs\/cropped-fond-blanc-2-oy1hc4quza8e2ab53oy614ak2dk28tj6m2myg0xqlk.png\"},{\"@type\":\"BreadcrumbList\",\"@id\":\"https:\/\/lebert-couverture.fr\/index.php\/contact\/#breadcrumb\",\"itemListElement\":[{\"@type\":\"ListItem\",\"position\":1,\"name\":\"Accueil\",\"item\":\"https:\/\/lebert-couverture.fr\/\"},{\"@type\":\"ListItem\",\"position\":2,\"name\":\"Contact\"}]},{\"@type\":\"WebSite\",\"@id\":\"https:\/\/lebert-couverture.fr\/#website\",\"url\":\"https:\/\/lebert-couverture.fr\/\",\"name\":\"LEBERT Couverture\",\"description\":\"Un artisan qui se pr\u00e9occupe de la qualit\u00e9 de son travail et de la satisfaction client.\",\"publisher\":{\"@id\":\"https:\/\/lebert-couverture.fr\/#organization\"},\"potentialAction\":[{\"@type\":\"SearchAction\",\"target\":{\"@type\":\"EntryPoint\",\"urlTemplate\":\"https:\/\/lebert-couverture.fr\/?s={search_term_string}\"},\"query-input\":{\"@type\":\"PropertyValueSpecification\",\"valueRequired\":true,\"valueName\":\"search_term_string\"}}],\"inLanguage\":\"fr-FR\"},{\"@type\":\"Organization\",\"@id\":\"https:\/\/lebert-couverture.fr\/#organization\",\"name\":\"LEBERT Couverture\",\"url\":\"https:\/\/lebert-couverture.fr\/\",\"logo\":{\"@type\":\"ImageObject\",\"inLanguage\":\"fr-FR\",\"@id\":\"https:\/\/lebert-couverture.fr\/#\/schema\/logo\/image\/\",\"url\":\"http:\/\/lebert-couverture.fr\/wp-content\/uploads\/2021\/03\/Logo-Tom.png\",\"contentUrl\":\"http:\/\/lebert-couverture.fr\/wp-content\/uploads\/2021\/03\/Logo-Tom.png\",\"width\":269,\"height\":154,\"caption\":\"LEBERT Couverture\"},\"image\":{\"@id\":\"https:\/\/lebert-couverture.fr\/#\/schema\/logo\/image\/\"},\"sameAs\":[\"https:\/\/www.facebook.com\/LebertCouverture\",\"https:\/\/www.instagram.com\/lebert_couverture\/\",\"https:\/\/www.linkedin.com\/in\/thomas-lebert\/\"]}]}<\/script>\n<!-- \/ Yoast SEO plugin. -->","yoast_head_json":{"title":"Contact - LEBERT Couverture","description":"LEBERT Couverture est une entreprise sp\u00e9cialis\u00e9e dans la cr\u00e9ation, la r\u00e9novation et dans l'entretien de tous types de toitures.","robots":{"index":"index","follow":"follow","max-snippet":"max-snippet:-1","max-image-preview":"max-image-preview:large","max-video-preview":"max-video-preview:-1"},"canonical":"https:\/\/lebert-couverture.fr\/index.php\/contact\/","og_locale":"fr_FR","og_type":"article","og_title":"Contact - LEBERT Couverture","og_description":"LEBERT Couverture est une entreprise sp\u00e9cialis\u00e9e dans la cr\u00e9ation, la r\u00e9novation et dans l'entretien de tous types de toitures.","og_url":"https:\/\/lebert-couverture.fr\/index.php\/contact\/","og_site_name":"LEBERT Couverture","article_publisher":"https:\/\/www.facebook.com\/LebertCouverture","article_modified_time":"2021-09-23T14:04:54+00:00","og_image":[{"url":"https:\/\/lebert-couverture.fr\/wp-content\/uploads\/elementor\/thumbs\/cropped-fond-blanc-2-oy1hc4quza8e2ab53oy614ak2dk28tj6m2myg0xqlk.png"}],"twitter_card":"summary_large_image","twitter_misc":{"Dur\u00e9e de lecture estim\u00e9e":"1 minute"},"schema":{"@context":"https:\/\/schema.org","@graph":[{"@type":"WebPage","@id":"https:\/\/lebert-couverture.fr\/index.php\/contact\/","url":"https:\/\/lebert-couverture.fr\/index.php\/contact\/","name":"Contact - LEBERT Couverture","isPartOf":{"@id":"https:\/\/lebert-couverture.fr\/#website"},"primaryImageOfPage":{"@id":"https:\/\/lebert-couverture.fr\/index.php\/contact\/#primaryimage"},"image":{"@id":"https:\/\/lebert-couverture.fr\/index.php\/contact\/#primaryimage"},"thumbnailUrl":"https:\/\/lebert-couverture.fr\/wp-content\/uploads\/elementor\/thumbs\/cropped-fond-blanc-2-oy1hc4quza8e2ab53oy614ak2dk28tj6m2myg0xqlk.png","datePublished":"2017-08-01T12:08:43+00:00","dateModified":"2021-09-23T14:04:54+00:00","description":"LEBERT Couverture est une entreprise sp\u00e9cialis\u00e9e dans la cr\u00e9ation, la r\u00e9novation et dans l'entretien de tous types de toitures.","breadcrumb":{"@id":"https:\/\/lebert-couverture.fr\/index.php\/contact\/#breadcrumb"},"inLanguage":"fr-FR","potentialAction":[{"@type":"ReadAction","target":["https:\/\/lebert-couverture.fr\/index.php\/contact\/"]}]},{"@type":"ImageObject","inLanguage":"fr-FR","@id":"https:\/\/lebert-couverture.fr\/index.php\/contact\/#primaryimage","url":"https:\/\/lebert-couverture.fr\/wp-content\/uploads\/elementor\/thumbs\/cropped-fond-blanc-2-oy1hc4quza8e2ab53oy614ak2dk28tj6m2myg0xqlk.png","contentUrl":"https:\/\/lebert-couverture.fr\/wp-content\/uploads\/elementor\/thumbs\/cropped-fond-blanc-2-oy1hc4quza8e2ab53oy614ak2dk28tj6m2myg0xqlk.png"},{"@type":"BreadcrumbList","@id":"https:\/\/lebert-couverture.fr\/index.php\/contact\/#breadcrumb","itemListElement":[{"@type":"ListItem","position":1,"name":"Accueil","item":"https:\/\/lebert-couverture.fr\/"},{"@type":"ListItem","position":2,"name":"Contact"}]},{"@type":"WebSite","@id":"https:\/\/lebert-couverture.fr\/#website","url":"https:\/\/lebert-couverture.fr\/","name":"LEBERT Couverture","description":"Un artisan qui se pr\u00e9occupe de la qualit\u00e9 de son travail et de la satisfaction client.","publisher":{"@id":"https:\/\/lebert-couverture.fr\/#organization"},"potentialAction":[{"@type":"SearchAction","target":{"@type":"EntryPoint","urlTemplate":"https:\/\/lebert-couverture.fr\/?s={search_term_string}"},"query-input":{"@type":"PropertyValueSpecification","valueRequired":true,"valueName":"search_term_string"}}],"inLanguage":"fr-FR"},{"@type":"Organization","@id":"https:\/\/lebert-couverture.fr\/#organization","name":"LEBERT Couverture","url":"https:\/\/lebert-couverture.fr\/","logo":{"@type":"ImageObject","inLanguage":"fr-FR","@id":"https:\/\/lebert-couverture.fr\/#\/schema\/logo\/image\/","url":"http:\/\/lebert-couverture.fr\/wp-content\/uploads\/2021\/03\/Logo-Tom.png","contentUrl":"http:\/\/lebert-couverture.fr\/wp-content\/uploads\/2021\/03\/Logo-Tom.png","width":269,"height":154,"caption":"LEBERT Couverture"},"image":{"@id":"https:\/\/lebert-couverture.fr\/#\/schema\/logo\/image\/"},"sameAs":["https:\/\/www.facebook.com\/LebertCouverture","https:\/\/www.instagram.com\/lebert_couverture\/","https:\/\/www.linkedin.com\/in\/thomas-lebert\/"]}]}},"_links":{"self":[{"href":"https:\/\/lebert-couverture.fr\/index.php\/wp-json\/wp\/v2\/pages\/18"}],"collection":[{"href":"https:\/\/lebert-couverture.fr\/index.php\/wp-json\/wp\/v2\/pages"}],"about":[{"href":"https:\/\/lebert-couverture.fr\/index.php\/wp-json\/wp\/v2\/types\/page"}],"replies":[{"embeddable":true,"href":"https:\/\/lebert-couverture.fr\/index.php\/wp-json\/wp\/v2\/comments?post=18"}],"version-history":[{"count":15,"href":"https:\/\/lebert-couverture.fr\/index.php\/wp-json\/wp\/v2\/pages\/18\/revisions"}],"predecessor-version":[{"id":1425,"href":"https:\/\/lebert-couverture.fr\/index.php\/wp-json\/wp\/v2\/pages\/18\/revisions\/1425"}],"wp:attachment":[{"href":"https:\/\/lebert-couverture.fr\/index.php\/wp-json\/wp\/v2\/media?parent=18"}],"curies":[{"name":"wp","href":"https:\/\/api.w.org\/{rel}","templated":true}]}}